{"id":2421,"date":"2022-05-17T09:41:13","date_gmt":"2022-05-17T12:41:13","guid":{"rendered":"https:\/\/newhorizon.com.br\/en\/?page_id=2421"},"modified":"2024-06-07T11:48:51","modified_gmt":"2024-06-07T14:48:51","slug":"about-us","status":"publish","type":"page","link":"https:\/\/newhorizon.com.br\/en\/about-us\/","title":{"rendered":"About us"},"content":{"rendered":"\t\t<div data-elementor-type=\"wp-page\" data-elementor-id=\"2421\" class=\"elementor elementor-2421\" data-elementor-post-type=\"page\">\n\t\t\t\t\t\t<section class=\"elementor-section elementor-top-section elementor-element elementor-element-a5b0f40 elementor-section-boxed elementor-section-height-default elementor-section-height-default\" data-id=\"a5b0f40\" data-element_type=\"section\" data-e-type=\"section\" data-settings=\"{&quot;background_background&quot;:&quot;classic&quot;}\">\n\t\t\t\t\t\t\t<div class=\"elementor-background-overlay\"><\/div>\n\t\t\t\t\t\t\t<div class=\"elementor-container elementor-column-gap-no\">\n\t\t\t\t\t<div class=\"elementor-column elementor-col-100 elementor-top-column elementor-element elementor-element-a21101d\" data-id=\"a21101d\" data-element_type=\"column\" data-e-type=\"column\">\n\t\t\t<div class=\"elementor-widget-wrap elementor-element-populated\">\n\t\t\t\t\t\t\t<\/div>\n\t\t<\/div>\n\t\t\t\t\t<\/div>\n\t\t<\/section>\n\t\t<div class=\"elementor-element elementor-element-d75e41a e-flex e-con-boxed e-con e-parent\" data-id=\"d75e41a\" data-element_type=\"container\" data-e-type=\"container\" data-settings=\"{&quot;background_background&quot;:&quot;classic&quot;}\">\n\t\t\t\t\t<div class=\"e-con-inner\">\n\t\t<div class=\"elementor-element elementor-element-40e540e e-con-full e-flex e-con e-child\" data-id=\"40e540e\" data-element_type=\"container\" data-e-type=\"container\" data-settings=\"{&quot;background_background&quot;:&quot;classic&quot;}\">\n\t\t\t\t<div class=\"elementor-element elementor-element-a46d8c4 elementor-widget elementor-widget-spacer\" data-id=\"a46d8c4\" data-element_type=\"widget\" data-e-type=\"widget\" data-widget_type=\"spacer.default\">\n\t\t\t\t<div class=\"elementor-widget-container\">\n\t\t\t\t\t\t\t<div class=\"elementor-spacer\">\n\t\t\t<div class=\"elementor-spacer-inner\"><\/div>\n\t\t<\/div>\n\t\t\t\t\t\t<\/div>\n\t\t\t\t<\/div>\n\t\t\t\t<\/div>\n\t\t<div class=\"elementor-element elementor-element-47f4e56 e-con-full e-flex e-con e-child\" data-id=\"47f4e56\" data-element_type=\"container\" data-e-type=\"container\" data-settings=\"{&quot;background_background&quot;:&quot;classic&quot;}\">\n\t\t<div class=\"elementor-element elementor-element-2f83060 e-con-full e-flex e-con e-child\" data-id=\"2f83060\" data-element_type=\"container\" data-e-type=\"container\">\n\t\t\t\t<div class=\"elementor-element elementor-element-d447fdc elementor-widget__width-auto elementor-invisible elementor-widget elementor-widget-heading\" data-id=\"d447fdc\" data-element_type=\"widget\" data-e-type=\"widget\" data-settings=\"{&quot;_animation&quot;:&quot;bounceInUp&quot;,&quot;_animation_delay&quot;:&quot;300&quot;}\" data-widget_type=\"heading.default\">\n\t\t\t\t<div class=\"elementor-widget-container\">\n\t\t\t\t\t<h6 class=\"elementor-heading-title elementor-size-default\">ABOUT US\n<\/h6>\t\t\t\t<\/div>\n\t\t\t\t<\/div>\n\t\t\t\t<div class=\"elementor-element elementor-element-d196925 elementor-invisible elementor-widget elementor-widget-heading\" data-id=\"d196925\" data-element_type=\"widget\" data-e-type=\"widget\" data-settings=\"{&quot;_animation&quot;:&quot;fadeInUp&quot;}\" data-widget_type=\"heading.default\">\n\t\t\t\t<div class=\"elementor-widget-container\">\n\t\t\t\t\t<h2 class=\"elementor-heading-title elementor-size-default\">New Horizon<\/h2>\t\t\t\t<\/div>\n\t\t\t\t<\/div>\n\t\t\t\t<div class=\"elementor-element elementor-element-1cb7485 elementor-widget elementor-widget-text-editor\" data-id=\"1cb7485\" data-element_type=\"widget\" data-e-type=\"widget\" data-widget_type=\"text-editor.default\">\n\t\t\t\t<div class=\"elementor-widget-container\">\n\t\t\t\t\t\t\t\t\t<p>Founded in 1994, it is a private company specialized in the sale of anti-static products, currently has the largest and most complete line of electrostatic discharge control products, as well as having an extensive and diverse range of retractable tubes. Its products are of international quality at competitive prices, designed to meet the growing demand over the years.<\/p><p>The HQ of approximately 1600m2 is located in the midwestern region of S\u00e3o Paulo in Barra Funda, near the subway, the Marginal Tiete and important Avenues like Av. Marqu\u00eas de S\u00e3o Vicente and Av. Rio Branco. It currently maintains a branch in the city of Manaus\/ AM in an area of 1000m2 located in the neighborhood of Aleixo, South-Central Zone in the city. Its main goal is to serve more efficiently the industrial center of the region.<\/p><p>With a team of experienced and prepared professionals, New Horizon adds value to its products constantly presenting solutions to its customers, both through telephone contact and providing specialized services such as auditing, consulting and training. With a focus on excellence in service, New Horizon aims to develop its human capital by providing opportunity, direction and professional achievement ensuring the quality of all its products and services based on its international certification ISO9001-2008.<\/p>\t\t\t\t\t\t\t\t<\/div>\n\t\t\t\t<\/div>\n\t\t\t\t<\/div>\n\t\t\t\t<\/div>\n\t\t\t\t\t<\/div>\n\t\t\t\t<\/div>\n\t\t<div class=\"elementor-element elementor-element-4613a7b e-flex e-con-boxed e-con e-parent\" data-id=\"4613a7b\" data-element_type=\"container\" data-e-type=\"container\" data-settings=\"{&quot;background_background&quot;:&quot;classic&quot;}\">\n\t\t\t\t\t<div class=\"e-con-inner\">\n\t\t<div class=\"elementor-element elementor-element-d1d113a e-con-full e-flex elementor-invisible e-con e-child\" data-id=\"d1d113a\" data-element_type=\"container\" data-e-type=\"container\" data-settings=\"{&quot;animation&quot;:&quot;fadeInUp&quot;,&quot;background_background&quot;:&quot;classic&quot;}\">\n\t\t\t\t<div class=\"elementor-element elementor-element-5f53140 elementor-widget elementor-widget-heading\" data-id=\"5f53140\" data-element_type=\"widget\" data-e-type=\"widget\" data-widget_type=\"heading.default\">\n\t\t\t\t<div class=\"elementor-widget-container\">\n\t\t\t\t\t<div class=\"elementor-heading-title elementor-size-default\">Mission<\/div>\t\t\t\t<\/div>\n\t\t\t\t<\/div>\n\t\t\t\t<div class=\"elementor-element elementor-element-50c0b73 elementor-widget__width-initial elementor-widget elementor-widget-text-editor\" data-id=\"50c0b73\" data-element_type=\"widget\" data-e-type=\"widget\" data-widget_type=\"text-editor.default\">\n\t\t\t\t<div class=\"elementor-widget-container\">\n\t\t\t\t\t\t\t\t\t<p class=\"normal-text\">Our mission is to provide our customers with solutions through products and technical services for controlling electrostatic discharge (ESD) in varied environments.<br \/>The main beneficiaries of our mission are the electronics industry, chemical industry, automotive industry and several others. These solutions will be responsible for increasing the reliability of the final product, process safety and financial return to our client.<\/p>\t\t\t\t\t\t\t\t<\/div>\n\t\t\t\t<\/div>\n\t\t\t\t<\/div>\n\t\t<div class=\"elementor-element elementor-element-1d97e39 e-con-full e-flex elementor-invisible e-con e-child\" data-id=\"1d97e39\" data-element_type=\"container\" data-e-type=\"container\" data-settings=\"{&quot;animation&quot;:&quot;fadeInUp&quot;,&quot;background_background&quot;:&quot;classic&quot;}\">\n\t\t\t\t<div class=\"elementor-element elementor-element-893ce5a elementor-widget elementor-widget-heading\" data-id=\"893ce5a\" data-element_type=\"widget\" data-e-type=\"widget\" data-widget_type=\"heading.default\">\n\t\t\t\t<div class=\"elementor-widget-container\">\n\t\t\t\t\t<div class=\"elementor-heading-title elementor-size-default\">Vision<\/div>\t\t\t\t<\/div>\n\t\t\t\t<\/div>\n\t\t\t\t<div class=\"elementor-element elementor-element-c52cfe7 elementor-widget__width-initial elementor-widget elementor-widget-text-editor\" data-id=\"c52cfe7\" data-element_type=\"widget\" data-e-type=\"widget\" data-widget_type=\"text-editor.default\">\n\t\t\t\t<div class=\"elementor-widget-container\">\n\t\t\t\t\t\t\t\t\t<p class=\"normal-text\">Raise awareness among our customers about the extreme importance of controlling electrostatic discharge (ESD) in their environments.<\/p>\t\t\t\t\t\t\t\t<\/div>\n\t\t\t\t<\/div>\n\t\t\t\t<\/div>\n\t\t<div class=\"elementor-element elementor-element-1826d2c e-con-full e-flex elementor-invisible e-con e-child\" data-id=\"1826d2c\" data-element_type=\"container\" data-e-type=\"container\" data-settings=\"{&quot;animation&quot;:&quot;fadeInUp&quot;,&quot;background_background&quot;:&quot;classic&quot;}\">\n\t\t\t\t<div class=\"elementor-element elementor-element-58371a2 elementor-widget elementor-widget-heading\" data-id=\"58371a2\" data-element_type=\"widget\" data-e-type=\"widget\" data-widget_type=\"heading.default\">\n\t\t\t\t<div class=\"elementor-widget-container\">\n\t\t\t\t\t<div class=\"elementor-heading-title elementor-size-default\">Values<\/div>\t\t\t\t<\/div>\n\t\t\t\t<\/div>\n\t\t\t\t<div class=\"elementor-element elementor-element-e1e1630 elementor-widget__width-initial elementor-widget elementor-widget-text-editor\" data-id=\"e1e1630\" data-element_type=\"widget\" data-e-type=\"widget\" data-widget_type=\"text-editor.default\">\n\t\t\t\t<div class=\"elementor-widget-container\">\n\t\t\t\t\t\t\t\t\t<ul><li class=\"normal-text\">Continuously improve every day<\/li><li class=\"normal-text\">Truly listen to the customer<\/li><li class=\"normal-text\">Provide customized solutions<\/li><li class=\"normal-text\">Innovate<\/li><li class=\"normal-text\">Grow together with our customer<\/li><\/ul>\t\t\t\t\t\t\t\t<\/div>\n\t\t\t\t<\/div>\n\t\t\t\t<\/div>\n\t\t\t\t\t<\/div>\n\t\t\t\t<\/div>\n\t\t<div class=\"elementor-element elementor-element-53264c6 e-flex e-con-boxed e-con e-parent\" data-id=\"53264c6\" data-element_type=\"container\" data-e-type=\"container\" data-settings=\"{&quot;background_background&quot;:&quot;classic&quot;}\">\n\t\t\t\t\t<div class=\"e-con-inner\">\n\t\t<div class=\"elementor-element elementor-element-bb31525 e-con-full e-flex e-con e-child\" data-id=\"bb31525\" data-element_type=\"container\" data-e-type=\"container\" data-settings=\"{&quot;background_background&quot;:&quot;classic&quot;}\">\n\t\t\t\t<div class=\"elementor-element elementor-element-6cbd56d elementor-widget__width-auto elementor-invisible elementor-widget elementor-widget-heading\" data-id=\"6cbd56d\" data-element_type=\"widget\" data-e-type=\"widget\" data-settings=\"{&quot;_animation&quot;:&quot;bounceInUp&quot;,&quot;_animation_delay&quot;:&quot;300&quot;}\" data-widget_type=\"heading.default\">\n\t\t\t\t<div class=\"elementor-widget-container\">\n\t\t\t\t\t<h6 class=\"elementor-heading-title elementor-size-default\">THE PRINCIPLES OF\n<\/h6>\t\t\t\t<\/div>\n\t\t\t\t<\/div>\n\t\t\t\t<div class=\"elementor-element elementor-element-479df0a elementor-invisible elementor-widget elementor-widget-heading\" data-id=\"479df0a\" data-element_type=\"widget\" data-e-type=\"widget\" data-settings=\"{&quot;_animation&quot;:&quot;fadeInUp&quot;}\" data-widget_type=\"heading.default\">\n\t\t\t\t<div class=\"elementor-widget-container\">\n\t\t\t\t\t<h2 class=\"elementor-heading-title elementor-size-default\">New Horizon Management System aim to:\n<\/h2>\t\t\t\t<\/div>\n\t\t\t\t<\/div>\n\t\t\t\t<div class=\"elementor-element elementor-element-559718f elementor-widget elementor-widget-text-editor\" data-id=\"559718f\" data-element_type=\"widget\" data-e-type=\"widget\" data-widget_type=\"text-editor.default\">\n\t\t\t\t<div class=\"elementor-widget-container\">\n\t\t\t\t\t\t\t\t\t<ul class=\"normal-text list-text\"><li>Ensure customer satisfaction through the quality of our products and services.<\/li><li>Continuously improve the performance of our processes through responsible actions of our activities.<\/li><li>Promote commitment and development of the workforce on a personal level, professional and teamwork.<\/li><li>Respect the environment, health, safety and quality. Attending to legal, regulatory and other requirements related to our activities.<\/li><\/ul>\t\t\t\t\t\t\t\t<\/div>\n\t\t\t\t<\/div>\n\t\t\t\t<\/div>\n\t\t\t\t\t<\/div>\n\t\t\t\t<\/div>\n\t\t\t\t<\/div>\n\t\t","protected":false},"excerpt":{"rendered":"<p>ABOUT US New Horizon Founded in 1994, it is a private company specialized in the sale of anti-static products, currently has the largest and most complete line of electrostatic discharge control products, as well as having an extensive and diverse range of retractable tubes. Its products are of international quality at competitive prices, designed to [&hellip;]<\/p>\n","protected":false},"author":1,"featured_media":0,"parent":0,"menu_order":0,"comment_status":"closed","ping_status":"closed","template":"elementor_header_footer","meta":{"footnotes":""},"class_list":["post-2421","page","type-page","status-publish","hentry"],"yoast_head":"<!-- This site is optimized with the Yoast SEO plugin v27.2 - https:\/\/yoast.com\/product\/yoast-seo-wordpress\/ -->\n<title>About us - New Horizon<\/title>\n<meta name=\"robots\" content=\"index, follow, max-snippet:-1, max-image-preview:large, max-video-preview:-1\" \/>\n<link rel=\"canonical\" href=\"https:\/\/newhorizon.com.br\/en\/about-us\/\" \/>\n<meta property=\"og:locale\" content=\"en_US\" \/>\n<meta property=\"og:type\" content=\"article\" \/>\n<meta property=\"og:title\" content=\"About us - New Horizon\" \/>\n<meta property=\"og:description\" content=\"ABOUT US New Horizon Founded in 1994, it is a private company specialized in the sale of anti-static products, currently has the largest and most complete line of electrostatic discharge control products, as well as having an extensive and diverse range of retractable tubes. Its products are of international quality at competitive prices, designed to [&hellip;]\" \/>\n<meta property=\"og:url\" content=\"https:\/\/newhorizon.com.br\/en\/about-us\/\" \/>\n<meta property=\"og:site_name\" content=\"New Horizon\" \/>\n<meta property=\"article:publisher\" content=\"https:\/\/www.facebook.com\/newhorizon.oficial\/\" \/>\n<meta property=\"article:modified_time\" content=\"2024-06-07T14:48:51+00:00\" \/>\n<meta name=\"twitter:card\" content=\"summary_large_image\" \/>\n<meta name=\"twitter:label1\" content=\"Est. reading time\" \/>\n\t<meta name=\"twitter:data1\" content=\"3 minutes\" \/>\n<script type=\"application\/ld+json\" class=\"yoast-schema-graph\">{\"@context\":\"https:\/\/schema.org\",\"@graph\":[{\"@type\":\"WebPage\",\"@id\":\"https:\/\/newhorizon.com.br\/en\/about-us\/\",\"url\":\"https:\/\/newhorizon.com.br\/en\/about-us\/\",\"name\":\"About us - New Horizon\",\"isPartOf\":{\"@id\":\"https:\/\/newhorizon.com.br\/en\/#website\"},\"datePublished\":\"2022-05-17T12:41:13+00:00\",\"dateModified\":\"2024-06-07T14:48:51+00:00\",\"breadcrumb\":{\"@id\":\"https:\/\/newhorizon.com.br\/en\/about-us\/#breadcrumb\"},\"inLanguage\":\"en-US\",\"potentialAction\":[{\"@type\":\"ReadAction\",\"target\":[\"https:\/\/newhorizon.com.br\/en\/about-us\/\"]}]},{\"@type\":\"BreadcrumbList\",\"@id\":\"https:\/\/newhorizon.com.br\/en\/about-us\/#breadcrumb\",\"itemListElement\":[{\"@type\":\"ListItem\",\"position\":1,\"name\":\"In\u00edcio\",\"item\":\"https:\/\/newhorizon.com.br\/en\/\"},{\"@type\":\"ListItem\",\"position\":2,\"name\":\"About us\"}]},{\"@type\":\"WebSite\",\"@id\":\"https:\/\/newhorizon.com.br\/en\/#website\",\"url\":\"https:\/\/newhorizon.com.br\/en\/\",\"name\":\"New Horizon\",\"description\":\"Specialized in anti-static products\",\"publisher\":{\"@id\":\"https:\/\/newhorizon.com.br\/en\/#organization\"},\"potentialAction\":[{\"@type\":\"SearchAction\",\"target\":{\"@type\":\"EntryPoint\",\"urlTemplate\":\"https:\/\/newhorizon.com.br\/en\/?s={search_term_string}\"},\"query-input\":{\"@type\":\"PropertyValueSpecification\",\"valueRequired\":true,\"valueName\":\"search_term_string\"}}],\"inLanguage\":\"en-US\"},{\"@type\":\"Organization\",\"@id\":\"https:\/\/newhorizon.com.br\/en\/#organization\",\"name\":\"New Horizon\",\"url\":\"https:\/\/newhorizon.com.br\/en\/\",\"logo\":{\"@type\":\"ImageObject\",\"inLanguage\":\"en-US\",\"@id\":\"https:\/\/newhorizon.com.br\/en\/#\/schema\/logo\/image\/\",\"url\":\"https:\/\/newhorizon.com.br\/en\/wp-content\/uploads\/2022\/06\/cropped-cropped-novo-logo-1.png\",\"contentUrl\":\"https:\/\/newhorizon.com.br\/en\/wp-content\/uploads\/2022\/06\/cropped-cropped-novo-logo-1.png\",\"width\":699,\"height\":583,\"caption\":\"New Horizon\"},\"image\":{\"@id\":\"https:\/\/newhorizon.com.br\/en\/#\/schema\/logo\/image\/\"},\"sameAs\":[\"https:\/\/www.facebook.com\/newhorizon.oficial\/\",\"https:\/\/www.instagram.com\/newhorizon.oficial\/\"]}]}<\/script>\n<!-- \/ Yoast SEO plugin. -->","yoast_head_json":{"title":"About us - New Horizon","robots":{"index":"index","follow":"follow","max-snippet":"max-snippet:-1","max-image-preview":"max-image-preview:large","max-video-preview":"max-video-preview:-1"},"canonical":"https:\/\/newhorizon.com.br\/en\/about-us\/","og_locale":"en_US","og_type":"article","og_title":"About us - New Horizon","og_description":"ABOUT US New Horizon Founded in 1994, it is a private company specialized in the sale of anti-static products, currently has the largest and most complete line of electrostatic discharge control products, as well as having an extensive and diverse range of retractable tubes. Its products are of international quality at competitive prices, designed to [&hellip;]","og_url":"https:\/\/newhorizon.com.br\/en\/about-us\/","og_site_name":"New Horizon","article_publisher":"https:\/\/www.facebook.com\/newhorizon.oficial\/","article_modified_time":"2024-06-07T14:48:51+00:00","twitter_card":"summary_large_image","twitter_misc":{"Est. reading time":"3 minutes"},"schema":{"@context":"https:\/\/schema.org","@graph":[{"@type":"WebPage","@id":"https:\/\/newhorizon.com.br\/en\/about-us\/","url":"https:\/\/newhorizon.com.br\/en\/about-us\/","name":"About us - New Horizon","isPartOf":{"@id":"https:\/\/newhorizon.com.br\/en\/#website"},"datePublished":"2022-05-17T12:41:13+00:00","dateModified":"2024-06-07T14:48:51+00:00","breadcrumb":{"@id":"https:\/\/newhorizon.com.br\/en\/about-us\/#breadcrumb"},"inLanguage":"en-US","potentialAction":[{"@type":"ReadAction","target":["https:\/\/newhorizon.com.br\/en\/about-us\/"]}]},{"@type":"BreadcrumbList","@id":"https:\/\/newhorizon.com.br\/en\/about-us\/#breadcrumb","itemListElement":[{"@type":"ListItem","position":1,"name":"In\u00edcio","item":"https:\/\/newhorizon.com.br\/en\/"},{"@type":"ListItem","position":2,"name":"About us"}]},{"@type":"WebSite","@id":"https:\/\/newhorizon.com.br\/en\/#website","url":"https:\/\/newhorizon.com.br\/en\/","name":"New Horizon","description":"Specialized in anti-static products","publisher":{"@id":"https:\/\/newhorizon.com.br\/en\/#organization"},"potentialAction":[{"@type":"SearchAction","target":{"@type":"EntryPoint","urlTemplate":"https:\/\/newhorizon.com.br\/en\/?s={search_term_string}"},"query-input":{"@type":"PropertyValueSpecification","valueRequired":true,"valueName":"search_term_string"}}],"inLanguage":"en-US"},{"@type":"Organization","@id":"https:\/\/newhorizon.com.br\/en\/#organization","name":"New Horizon","url":"https:\/\/newhorizon.com.br\/en\/","logo":{"@type":"ImageObject","inLanguage":"en-US","@id":"https:\/\/newhorizon.com.br\/en\/#\/schema\/logo\/image\/","url":"https:\/\/newhorizon.com.br\/en\/wp-content\/uploads\/2022\/06\/cropped-cropped-novo-logo-1.png","contentUrl":"https:\/\/newhorizon.com.br\/en\/wp-content\/uploads\/2022\/06\/cropped-cropped-novo-logo-1.png","width":699,"height":583,"caption":"New Horizon"},"image":{"@id":"https:\/\/newhorizon.com.br\/en\/#\/schema\/logo\/image\/"},"sameAs":["https:\/\/www.facebook.com\/newhorizon.oficial\/","https:\/\/www.instagram.com\/newhorizon.oficial\/"]}]}},"_links":{"self":[{"href":"https:\/\/newhorizon.com.br\/en\/wp-json\/wp\/v2\/pages\/2421","targetHints":{"allow":["GET"]}}],"collection":[{"href":"https:\/\/newhorizon.com.br\/en\/wp-json\/wp\/v2\/pages"}],"about":[{"href":"https:\/\/newhorizon.com.br\/en\/wp-json\/wp\/v2\/types\/page"}],"author":[{"embeddable":true,"href":"https:\/\/newhorizon.com.br\/en\/wp-json\/wp\/v2\/users\/1"}],"replies":[{"embeddable":true,"href":"https:\/\/newhorizon.com.br\/en\/wp-json\/wp\/v2\/comments?post=2421"}],"version-history":[{"count":0,"href":"https:\/\/newhorizon.com.br\/en\/wp-json\/wp\/v2\/pages\/2421\/revisions"}],"wp:attachment":[{"href":"https:\/\/newhorizon.com.br\/en\/wp-json\/wp\/v2\/media?parent=2421"}],"curies":[{"name":"wp","href":"https:\/\/api.w.org\/{rel}","templated":true}]}}